{"id":10,"date":"2026-03-06T11:14:42","date_gmt":"2026-03-06T10:14:42","guid":{"rendered":"https:\/\/mmbrows.pl\/?page_id=10"},"modified":"2026-03-06T13:31:47","modified_gmt":"2026-03-06T12:31:47","slug":"brows-by-martyna","status":"publish","type":"page","link":"https:\/\/mmbrows.pl\/?page_id=10","title":{"rendered":"BROWS BY MARTYNA"},"content":{"rendered":"\n<p><strong>Profesjonalna Stylizacja Brwi<\/strong><\/p>\n\n\n\n<p>Wierz\u0119, \u017ce idealna oprawa oka nie potrzebuje przerysowania \u2013 potrzebuje&nbsp;<strong>perfekcyjnego dopasowania<\/strong>. \u0141\u0105cz\u0119 mistrzowsk\u0105 precyzj\u0119 z wizj\u0105 naturalnego pi\u0119kna, tworz\u0105c stylizacje, kt\u00f3re harmonizuj\u0105 z Twoimi rysami twarzy. Zapomnij o szablonach. Wybieram&nbsp;<strong>indywidualn\u0105 architektur\u0119<\/strong>, najwy\u017csz\u0105 jako\u015b\u0107 produkt\u00f3w i detale, kt\u00f3re robi\u0105 r\u00f3\u017cnic\u0119. Twoje spojrzenie to Twoja wizyt\u00f3wka \u2013 pozw\u00f3l mi nada\u0107 mu&nbsp;<strong>szlachetny kszta\u0142t<\/strong>.<\/p>\n\n\n\n<figure class=\"wp-block-image size-full\"><img loading=\"lazy\" decoding=\"async\" width=\"985\" height=\"999\" src=\"https:\/\/mmbrows.pl\/wp-content\/uploads\/2025\/12\/att.xIeOIv8S7XYRfLskom_3Ppa4HOoz2CFtmC0y_c6QJx4-1.jpg\" alt=\"\" class=\"wp-image-8\" srcset=\"https:\/\/mmbrows.pl\/wp-content\/uploads\/2025\/12\/att.xIeOIv8S7XYRfLskom_3Ppa4HOoz2CFtmC0y_c6QJx4-1.jpg 985w, https:\/\/mmbrows.pl\/wp-content\/uploads\/2025\/12\/att.xIeOIv8S7XYRfLskom_3Ppa4HOoz2CFtmC0y_c6QJx4-1-296x300.jpg 296w, https:\/\/mmbrows.pl\/wp-content\/uploads\/2025\/12\/att.xIeOIv8S7XYRfLskom_3Ppa4HOoz2CFtmC0y_c6QJx4-1-768x779.jpg 768w\" sizes=\"auto, (max-width: 985px) 100vw, 985px\" \/><\/figure>\n\n\n<p class=\"wp-block-site-tagline\">PROFESJONALNA STYLIZACJA BRWI<\/p>\n\n<nav class=\"is-responsive wp-block-navigation is-layout-flex wp-block-navigation-is-layout-flex\" aria-label=\"Nawigacja\" \n\t\t data-wp-interactive=\"core\/navigation\" data-wp-context='{\"overlayOpenedBy\":{\"click\":false,\"hover\":false,\"focus\":false},\"type\":\"overlay\",\"roleAttribute\":\"\",\"ariaLabel\":\"Menu\"}'><button aria-haspopup=\"dialog\" aria-label=\"Rozwi\u0144 menu\" class=\"wp-block-navigation__responsive-container-open\" \n\t\t\t\tdata-wp-on--click=\"actions.openMenuOnClick\"\n\t\t\t\tdata-wp-on--keydown=\"actions.handleMenuKeydown\"\n\t\t\t><svg width=\"24\" height=\"24\" xmlns=\"http:\/\/www.w3.org\/2000\/svg\" viewBox=\"0 0 24 24\" aria-hidden=\"true\" focusable=\"false\"><path d=\"M4 7.5h16v1.5H4z\"><\/path><path d=\"M4 15h16v1.5H4z\"><\/path><\/svg><\/button>\n\t\t\t\t<div class=\"wp-block-navigation__responsive-container\"  id=\"modal-1\" \n\t\t\t\tdata-wp-class--has-modal-open=\"state.isMenuOpen\"\n\t\t\t\tdata-wp-class--is-menu-open=\"state.isMenuOpen\"\n\t\t\t\tdata-wp-watch=\"callbacks.initMenu\"\n\t\t\t\tdata-wp-on--keydown=\"actions.handleMenuKeydown\"\n\t\t\t\tdata-wp-on--focusout=\"actions.handleMenuFocusout\"\n\t\t\t\ttabindex=\"-1\"\n\t\t\t>\n\t\t\t\t\t<div class=\"wp-block-navigation__responsive-close\" tabindex=\"-1\">\n\t\t\t\t\t\t<div class=\"wp-block-navigation__responsive-dialog\" \n\t\t\t\tdata-wp-bind--aria-modal=\"state.ariaModal\"\n\t\t\t\tdata-wp-bind--aria-label=\"state.ariaLabel\"\n\t\t\t\tdata-wp-bind--role=\"state.roleAttribute\"\n\t\t\t>\n\t\t\t\t\t\t\t<button aria-label=\"Zamknij menu\" class=\"wp-block-navigation__responsive-container-close\" \n\t\t\t\tdata-wp-on--click=\"actions.closeMenuOnClick\"\n\t\t\t><svg xmlns=\"http:\/\/www.w3.org\/2000\/svg\" viewBox=\"0 0 24 24\" width=\"24\" height=\"24\" aria-hidden=\"true\" focusable=\"false\"><path d=\"m13.06 12 6.47-6.47-1.06-1.06L12 10.94 5.53 4.47 4.47 5.53 10.94 12l-6.47 6.47 1.06 1.06L12 13.06l6.47 6.47 1.06-1.06L13.06 12Z\"><\/path><\/svg><\/button>\n\t\t\t\t\t\t\t<div class=\"wp-block-navigation__responsive-container-content\" \n\t\t\t\tdata-wp-watch=\"callbacks.focusFirstElement\"\n\t\t\t id=\"modal-1-content\">\n\t\t\t\t\t\t\t\t<ul class=\"wp-block-navigation__container is-responsive wp-block-navigation\"><ul class=\"wp-block-page-list\"><li class=\"wp-block-pages-list__item wp-block-navigation-item open-on-hover-click menu-item-home\"><a class=\"wp-block-pages-list__item__link wp-block-navigation-item__content\" href=\"https:\/\/mmbrows.pl\/?page_id=10\">BROWS BY MARTYNA<\/a><\/li><li class=\"wp-block-pages-list__item wp-block-navigation-item open-on-hover-click\"><a class=\"wp-block-pages-list__item__link wp-block-navigation-item__content\" href=\"https:\/\/mmbrows.pl\/?page_id=45\">CENNIK<\/a><\/li><li class=\"wp-block-pages-list__item wp-block-navigation-item open-on-hover-click\"><a class=\"wp-block-pages-list__item__link wp-block-navigation-item__content\" href=\"https:\/\/mmbrows.pl\/?page_id=28\">O MNIE<\/a><\/li><\/ul><\/ul>\n\t\t\t\t\t\t\t<\/div>\n\t\t\t\t\t\t<\/div>\n\t\t\t\t\t<\/div>\n\t\t\t\t<\/div><\/nav>\n\n\n<p><\/p>\n","protected":false},"excerpt":{"rendered":"<p>Profesjonalna Stylizacja Brwi Wierz\u0119, \u017ce idealna oprawa oka nie potrzebuje przerysowania \u2013 potrzebuje&nbsp;perfekcyjnego dopasowania. \u0141\u0105cz\u0119 mistrzowsk\u0105 precyzj\u0119 z wizj\u0105 naturalnego pi\u0119kna, tworz\u0105c stylizacje, kt\u00f3re harmonizuj\u0105 z Twoimi rysami twarzy. Zapomnij [&hellip;]<\/p>\n","protected":false},"author":1,"featured_media":0,"parent":0,"menu_order":0,"comment_status":"closed","ping_status":"closed","template":"","meta":{"footnotes":""},"class_list":["post-10","page","type-page","status-publish","hentry"],"_links":{"self":[{"href":"https:\/\/mmbrows.pl\/index.php?rest_route=\/wp\/v2\/pages\/10","targetHints":{"allow":["GET"]}}],"collection":[{"href":"https:\/\/mmbrows.pl\/index.php?rest_route=\/wp\/v2\/pages"}],"about":[{"href":"https:\/\/mmbrows.pl\/index.php?rest_route=\/wp\/v2\/types\/page"}],"author":[{"embeddable":true,"href":"https:\/\/mmbrows.pl\/index.php?rest_route=\/wp\/v2\/users\/1"}],"replies":[{"embeddable":true,"href":"https:\/\/mmbrows.pl\/index.php?rest_route=%2Fwp%2Fv2%2Fcomments&post=10"}],"version-history":[{"count":3,"href":"https:\/\/mmbrows.pl\/index.php?rest_route=\/wp\/v2\/pages\/10\/revisions"}],"predecessor-version":[{"id":51,"href":"https:\/\/mmbrows.pl\/index.php?rest_route=\/wp\/v2\/pages\/10\/revisions\/51"}],"wp:attachment":[{"href":"https:\/\/mmbrows.pl\/index.php?rest_route=%2Fwp%2Fv2%2Fmedia&parent=10"}],"curies":[{"name":"wp","href":"https:\/\/api.w.org\/{rel}","templated":true}]}}