{"id":28,"date":"2026-03-06T12:30:33","date_gmt":"2026-03-06T11:30:33","guid":{"rendered":"https:\/\/mmbrows.pl\/?page_id=28"},"modified":"2026-03-06T13:30:02","modified_gmt":"2026-03-06T12:30:02","slug":"o-mnie","status":"publish","type":"page","link":"https:\/\/mmbrows.pl\/?page_id=28","title":{"rendered":"O MNIE"},"content":{"rendered":"\n<p><strong>Pasja, kt\u00f3ra sta\u0142a si\u0119 zawodem.<\/strong><\/p>\n\n\n\n<p><strong>Brwi to moja najwi\u0119ksza pasja, kt\u00f3rej oddaj\u0119 si\u0119 bez reszty.<\/strong> &nbsp;Jako certyfikowana stylistka, od lat d\u0105\u017c\u0119 do osi\u0105gni\u0119cia absolutnej perfekcji w definicji spojrzenia. Uwielbiam proces tworzenia&nbsp;<strong>idealnego kszta\u0142tu<\/strong>, dlatego w ka\u017cd\u0105 stylizacj\u0119 wk\u0142adam nie tylko wiedz\u0119, ale i ca\u0142e serce. Specjalizuj\u0119 si\u0119 w&nbsp;<strong>zaawansowanej architekturze brwi, profesjonalnej laminacji oraz precyzyjnej koloryzacji<\/strong>, dbaj\u0105c o to, by efekt ko\u0144cowy by\u0142 zawsze sp\u00f3jny z Twoj\u0105 osobowo\u015bci\u0105 i typem urody.<\/p>\n\n\n\n<p>Je\u015bli marzysz o spojrzeniu, kt\u00f3re intryguje i przyci\u0105ga uwag\u0119, zapraszam Ci\u0119 do mojego \u015bwiata. Twoje brwi s\u0105 w najlepszych r\u0119kach.<\/p>\n\n\n\n<figure class=\"wp-block-image size-large is-resized\"><img loading=\"lazy\" decoding=\"async\" width=\"1001\" height=\"1024\" src=\"https:\/\/mmbrows.pl\/wp-content\/uploads\/2026\/03\/ed894e93-0dc5-4ccc-b6f9-548079938f99-1-1001x1024.png\" alt=\"\" class=\"wp-image-29\" style=\"aspect-ratio:0.9775429326287979;width:915px;height:auto\" srcset=\"https:\/\/mmbrows.pl\/wp-content\/uploads\/2026\/03\/ed894e93-0dc5-4ccc-b6f9-548079938f99-1-1001x1024.png 1001w, https:\/\/mmbrows.pl\/wp-content\/uploads\/2026\/03\/ed894e93-0dc5-4ccc-b6f9-548079938f99-1-293x300.png 293w, https:\/\/mmbrows.pl\/wp-content\/uploads\/2026\/03\/ed894e93-0dc5-4ccc-b6f9-548079938f99-1-768x786.png 768w, https:\/\/mmbrows.pl\/wp-content\/uploads\/2026\/03\/ed894e93-0dc5-4ccc-b6f9-548079938f99-1-1140x1167.png 1140w, https:\/\/mmbrows.pl\/wp-content\/uploads\/2026\/03\/ed894e93-0dc5-4ccc-b6f9-548079938f99-1-920x942.png 920w, https:\/\/mmbrows.pl\/wp-content\/uploads\/2026\/03\/ed894e93-0dc5-4ccc-b6f9-548079938f99-1-575x588.png 575w, https:\/\/mmbrows.pl\/wp-content\/uploads\/2026\/03\/ed894e93-0dc5-4ccc-b6f9-548079938f99-1-380x389.png 380w, https:\/\/mmbrows.pl\/wp-content\/uploads\/2026\/03\/ed894e93-0dc5-4ccc-b6f9-548079938f99-1.png 1155w\" sizes=\"auto, (max-width: 1001px) 100vw, 1001px\" \/><\/figure>\n","protected":false},"excerpt":{"rendered":"<p>Pasja, kt\u00f3ra sta\u0142a si\u0119 zawodem. Brwi to moja najwi\u0119ksza pasja, kt\u00f3rej oddaj\u0119 si\u0119 bez reszty. &nbsp;Jako certyfikowana stylistka, od lat d\u0105\u017c\u0119 do osi\u0105gni\u0119cia absolutnej perfekcji w definicji spojrzenia. Uwielbiam proces [&hellip;]<\/p>\n","protected":false},"author":1,"featured_media":0,"parent":0,"menu_order":0,"comment_status":"closed","ping_status":"closed","template":"","meta":{"footnotes":""},"class_list":["post-28","page","type-page","status-publish","hentry"],"_links":{"self":[{"href":"https:\/\/mmbrows.pl\/index.php?rest_route=\/wp\/v2\/pages\/28","targetHints":{"allow":["GET"]}}],"collection":[{"href":"https:\/\/mmbrows.pl\/index.php?rest_route=\/wp\/v2\/pages"}],"about":[{"href":"https:\/\/mmbrows.pl\/index.php?rest_route=\/wp\/v2\/types\/page"}],"author":[{"embeddable":true,"href":"https:\/\/mmbrows.pl\/index.php?rest_route=\/wp\/v2\/users\/1"}],"replies":[{"embeddable":true,"href":"https:\/\/mmbrows.pl\/index.php?rest_route=%2Fwp%2Fv2%2Fcomments&post=28"}],"version-history":[{"count":2,"href":"https:\/\/mmbrows.pl\/index.php?rest_route=\/wp\/v2\/pages\/28\/revisions"}],"predecessor-version":[{"id":49,"href":"https:\/\/mmbrows.pl\/index.php?rest_route=\/wp\/v2\/pages\/28\/revisions\/49"}],"wp:attachment":[{"href":"https:\/\/mmbrows.pl\/index.php?rest_route=%2Fwp%2Fv2%2Fmedia&parent=28"}],"curies":[{"name":"wp","href":"https:\/\/api.w.org\/{rel}","templated":true}]}}